{"id":20,"date":"2006-02-09T03:31:21","date_gmt":"2006-02-09T03:31:21","guid":{"rendered":"http:\/\/gospeltrain-danndorf.de\/?page_id=20"},"modified":"2024-11-22T16:57:18","modified_gmt":"2024-11-22T15:57:18","slug":"gospeltrain-danndorf","status":"publish","type":"page","link":"http:\/\/gospeltrain-danndorf.de\/?page_id=20","title":{"rendered":"Gospeltrain Danndorf"},"content":{"rendered":"<p>Der <strong>Gospeltrain Danndorf<\/strong> ist ein moderner Gospelchor in der Evangelischen Kirchengemeinde in Danndorf (N\u00e4he Wolfsburg). Wir bringen Gospelmusik in ihrer Vielseitigkeit auf die B\u00fchne. Nicht einzig eine tolle Musikrichtung steht somit im Mittelpunkt, sondern der Glaube bzw. die &#8222;Message&#8220; der Songs. Gospel dr\u00fcckt ein breites Spektrum an Gef\u00fchlen aus, jedoch fehlt nie der Blick und die Ausrichtung auf Gott und sein Wort und die Freude \u00fcber das Evangelium.<\/p>\n<p>Gegr\u00fcndet wurde der Gospeltrain Danndorf im Jahr 2000 von Arjan Leuschner. Nach seinem beruflichen Wechsel nach Nordrhein-Westfalen hat Thomas Stuchlik im Juli 2007 die Leitung \u00fcbernommen.<\/p>\n<p>Inzwischen kann der Gospeltrain auf viele erfolgreiche Konzerte und Auftritte in der Region Wolfsburg und Helmstedt zur\u00fcckblicken. Gleicherma\u00dfen beliebt sind die Workshops popul\u00e4rer Gospelmusiker*innen, die wir in unregelm\u00e4\u00dfigen Abst\u00e4nden organisieren. Dabei machten schon Gospelgr\u00f6\u00dfen wie Eggo Fuhrmann (L\u00fcneburg), Ken Norris (Hamburg\/Paris), Hanjo G\u00e4bler (Hamburg), David Thomas (Witten) und Sarah Kaiser (Berlin) in Danndorf Station. <\/p>\n<p>Mit uns zu singen bedeutet, in lockerer Atmosph\u00e4re Teil einer fr\u00f6hlichen und aufgeschlossenen Gemeinschaft zu sein. Neueinsteiger schlie\u00dfen wir schnell ins Herz. Dabei brauchst du keine Vor- oder Notenkenntnisse. Komm vorbei uns lern uns kennen!<\/p>\n<h5>Chorprobe<\/h5>\n<p>Wir proben (fast) jeden <strong>Donnerstag von 19 Uhr bis 20:30 Uhr<\/strong> in der Danndorfer Kreuzkirche. Neue Mitglieder sind herzlich willkommen!<\/p>\n\n\n<p><\/p>\n","protected":false},"excerpt":{"rendered":"<p>Der Gospeltrain Danndorf ist ein moderner Gospelchor in der Evangelischen Kirchengemeinde in Danndorf (N\u00e4he Wolfsburg). Wir bringen Gospelmusik in ihrer Vielseitigkeit auf die B\u00fchne. Nicht einzig eine tolle Musikrichtung steht somit im Mittelpunkt, sondern&#46;&#46;&#46;<\/p>\n","protected":false},"author":3,"featured_media":0,"parent":0,"menu_order":0,"comment_status":"closed","ping_status":"closed","template":"","meta":{"footnotes":""},"class_list":["post-20","page","type-page","status-publish","hentry"],"_links":{"self":[{"href":"http:\/\/gospeltrain-danndorf.de\/index.php?rest_route=\/wp\/v2\/pages\/20","targetHints":{"allow":["GET"]}}],"collection":[{"href":"http:\/\/gospeltrain-danndorf.de\/index.php?rest_route=\/wp\/v2\/pages"}],"about":[{"href":"http:\/\/gospeltrain-danndorf.de\/index.php?rest_route=\/wp\/v2\/types\/page"}],"author":[{"embeddable":true,"href":"http:\/\/gospeltrain-danndorf.de\/index.php?rest_route=\/wp\/v2\/users\/3"}],"replies":[{"embeddable":true,"href":"http:\/\/gospeltrain-danndorf.de\/index.php?rest_route=%2Fwp%2Fv2%2Fcomments&post=20"}],"version-history":[{"count":2,"href":"http:\/\/gospeltrain-danndorf.de\/index.php?rest_route=\/wp\/v2\/pages\/20\/revisions"}],"predecessor-version":[{"id":424,"href":"http:\/\/gospeltrain-danndorf.de\/index.php?rest_route=\/wp\/v2\/pages\/20\/revisions\/424"}],"wp:attachment":[{"href":"http:\/\/gospeltrain-danndorf.de\/index.php?rest_route=%2Fwp%2Fv2%2Fmedia&parent=20"}],"curies":[{"name":"wp","href":"https:\/\/api.w.org\/{rel}","templated":true}]}}